{"id":30,"date":"2020-04-13T11:18:54","date_gmt":"2020-04-13T11:18:54","guid":{"rendered":"http:\/\/localhost\/bio\/home\/"},"modified":"2021-02-27T20:57:38","modified_gmt":"2021-02-27T20:57:38","slug":"home","status":"publish","type":"page","link":"https:\/\/www.bionicfestival.com\/es\/","title":{"rendered":"Home"},"content":{"rendered":"<p>[et_pb_section fb_built=&#8221;1&#8243; admin_label=&#8221;section&#8221; _builder_version=&#8221;4.6.4&#8243; background_color=&#8221;rgba(0,0,0,0)&#8221; background_video_mp4=&#8221;http:\/\/bionicfestival.com\/wp-content\/uploads\/2021\/02\/dos.m4v&#8221; width=&#8221;100%&#8221; module_alignment=&#8221;center&#8221; custom_padding=&#8221;||216px|||&#8221; custom_css_before=&#8221;content:%22%22;||    display: block;||    position: absolute;||    top: 0;||    left: 0;||    width: 100%;||    height: 100%;||    background-color: rgba(0,0,0,0.5);||    z-index: 9;&#8221;][et_pb_row admin_label=&#8221;row&#8221; _builder_version=&#8221;4.6.4&#8243; background_size=&#8221;initial&#8221; background_position=&#8221;top_left&#8221; background_repeat=&#8221;repeat&#8221; z_index=&#8221;500&#8243;][et_pb_column type=&#8221;4_4&#8243; _builder_version=&#8221;4.6.4&#8243; custom_padding=&#8221;|||&#8221; custom_padding__hover=&#8221;|||&#8221;][et_pb_image src=&#8221;http:\/\/bionicfestival.com\/wp-content\/uploads\/2020\/10\/bionic_logo_static-1.png&#8221; title_text=&#8221;bionic_logo_static&#8221; align=&#8221;center&#8221; _builder_version=&#8221;4.6.4&#8243; _module_preset=&#8221;default&#8221; hover_enabled=&#8221;0&#8243; custom_margin=&#8221;10%||||false|false&#8221; sticky_enabled=&#8221;0&#8243;][\/et_pb_image][et_pb_text _builder_version=&#8221;4.6.4&#8243; _module_preset=&#8221;default&#8221;]<\/p>\n<h2 style=\"text-align: center; color: #fff;text-shadow: 3px 3px 13px rgba(0, 0, 0, 1); font-size:2rem; line-height:3rem\"><span style=\"color: #ffffff;\"><strong>Bionic Festival es un proyecto sostenible y multicultural que une danza, m\u00fasica y \u00e1rboles m\u00f3viles.<\/strong><\/span><\/h2>\n<p>[\/et_pb_text][\/et_pb_column][\/et_pb_row][\/et_pb_section]<\/p>","protected":false},"excerpt":{"rendered":"<p>[et_pb_section fb_built=&#8221;1&#8243; admin_label=&#8221;section&#8221; _builder_version=&#8221;4.6.4&#8243; background_color=&#8221;rgba(0,0,0,0)&#8221; background_video_mp4=&#8221;http:\/\/bionicfestival.com\/wp-content\/uploads\/2021\/02\/dos.m4v&#8221; width=&#8221;100%&#8221; module_alignment=&#8221;center&#8221; custom_padding=&#8221;||216px|||&#8221; custom_css_before=&#8221;content:%22%22;|| display: block;|| position: absolute;|| top: 0;|| left: 0;|| width: 100%;|| height: 100%;|| background-color: rgba(0,0,0,0.5);|| z-index: 9;&#8221;][et_pb_row admin_label=&#8221;row&#8221; _builder_version=&#8221;4.6.4&#8243; background_size=&#8221;initial&#8221; background_position=&#8221;top_left&#8221; background_repeat=&#8221;repeat&#8221; z_index=&#8221;500&#8243;][et_pb_column type=&#8221;4_4&#8243; _builder_version=&#8221;4.6.4&#8243; custom_padding=&#8221;|||&#8221; custom_padding__hover=&#8221;|||&#8221;][et_pb_image src=&#8221;http:\/\/bionicfestival.com\/wp-content\/uploads\/2020\/10\/bionic_logo_static-1.png&#8221; title_text=&#8221;bionic_logo_static&#8221; align=&#8221;center&#8221; _builder_version=&#8221;4.6.4&#8243; _module_preset=&#8221;default&#8221; hover_enabled=&#8221;0&#8243; custom_margin=&#8221;10%||||false|false&#8221; sticky_enabled=&#8221;0&#8243;][\/et_pb_image][et_pb_text _builder_version=&#8221;4.6.4&#8243; _module_preset=&#8221;default&#8221;] The Bionic Festival is a sustainable &amp; multicultural project [&hellip;]<\/p>","protected":false},"author":3,"featured_media":0,"parent":0,"menu_order":0,"comment_status":"closed","ping_status":"closed","template":"","meta":{"_et_pb_use_builder":"on","_et_pb_old_content":"<img width=\"150\" height=\"150\" src=\"http:\/\/localhost\/bio\/wp-content\/uploads\/2020\/09\/logo2-150x150.png\" alt=\"\" loading=\"lazy\" srcset=\"http:\/\/localhost\/bio\/wp-content\/uploads\/2020\/09\/logo2-150x150.png 150w, http:\/\/localhost\/bio\/wp-content\/uploads\/2020\/09\/logo2-300x300.png 300w, http:\/\/localhost\/bio\/wp-content\/uploads\/2020\/09\/logo2.png 400w\" sizes=\"(max-width: 150px) 100vw, 150px\" \/>\t\t\t\t\t\t\t\t\t\t\t\n\t\t\t<h1>SALUD + CULTURA + PLANTAS<\/h1>\t\t\n\t\t<h3>MIMA LA VIDA - BIOMIMA<\/h3>","_et_gb_content_width":"","footnotes":""},"class_list":["post-30","page","type-page","status-publish","hentry"],"_links":{"self":[{"href":"https:\/\/www.bionicfestival.com\/es\/wp-json\/wp\/v2\/pages\/30","targetHints":{"allow":["GET"]}}],"collection":[{"href":"https:\/\/www.bionicfestival.com\/es\/wp-json\/wp\/v2\/pages"}],"about":[{"href":"https:\/\/www.bionicfestival.com\/es\/wp-json\/wp\/v2\/types\/page"}],"author":[{"embeddable":true,"href":"https:\/\/www.bionicfestival.com\/es\/wp-json\/wp\/v2\/users\/3"}],"replies":[{"embeddable":true,"href":"https:\/\/www.bionicfestival.com\/es\/wp-json\/wp\/v2\/comments?post=30"}],"version-history":[{"count":4,"href":"https:\/\/www.bionicfestival.com\/es\/wp-json\/wp\/v2\/pages\/30\/revisions"}],"predecessor-version":[{"id":612,"href":"https:\/\/www.bionicfestival.com\/es\/wp-json\/wp\/v2\/pages\/30\/revisions\/612"}],"wp:attachment":[{"href":"https:\/\/www.bionicfestival.com\/es\/wp-json\/wp\/v2\/media?parent=30"}],"curies":[{"name":"wp","href":"https:\/\/api.w.org\/{rel}","templated":true}]}}