{"id":367,"date":"2020-10-16T05:53:38","date_gmt":"2020-10-16T05:53:38","guid":{"rendered":"http:\/\/localhost\/bio\/?page_id=367"},"modified":"2025-10-23T16:01:20","modified_gmt":"2025-10-23T16:01:20","slug":"team","status":"publish","type":"page","link":"https:\/\/www.bionicfestival.com\/es\/team\/","title":{"rendered":"Equipo"},"content":{"rendered":"<p>[et_pb_section fb_built=&#8221;1&#8243; _builder_version=&#8221;4.6.4&#8243; _module_preset=&#8221;default&#8221;][et_pb_row make_equal=&#8221;on&#8221; _builder_version=&#8221;4.6.4&#8243; _module_preset=&#8221;default&#8221; background_image=&#8221;http:\/\/bionicfestival.com\/wp-content\/uploads\/2020\/10\/bgmedia.jpg&#8221; background_position=&#8221;bottom_right&#8221; width=&#8221;100%&#8221; max_width=&#8221;100%&#8221; min_height=&#8221;186px&#8221; height=&#8221;186px&#8221; max_height=&#8221;186px&#8221; custom_margin=&#8221;0px||0px||true|false&#8221; custom_padding=&#8221;0px||0px||true|false&#8221; custom_css_main_element=&#8221;margin: auto auto 0;&#8221; global_module=&#8221;483&#8243; saved_tabs=&#8221;all&#8221;][et_pb_column type=&#8221;4_4&#8243; _builder_version=&#8221;4.6.4&#8243; _module_preset=&#8221;default&#8221; background_image=&#8221;http:\/\/bionicfestival.com\/wp-content\/uploads\/2020\/10\/bgteam-1.jpg&#8221; background_enable_image=&#8221;on&#8221;][et_pb_post_title meta=&#8221;off&#8221; featured_image=&#8221;off&#8221; text_color=&#8221;light&#8221; _builder_version=&#8221;4.6.4&#8243; _module_preset=&#8221;40f5f3b2-30cd-4dc1-97bd-308bac9aa57b&#8221; title_font=&#8221;|||on|||||&#8221; title_font_size=&#8221;64px&#8221; background_color=&#8221;rgba(0,0,0,0)&#8221; custom_margin=&#8221;5rem|||50px|false|false&#8221;][\/et_pb_post_title][\/et_pb_column][\/et_pb_row][et_pb_row _builder_version=&#8221;4.6.4&#8243; _module_preset=&#8221;default&#8221;][et_pb_column type=&#8221;4_4&#8243; _builder_version=&#8221;4.6.4&#8243; _module_preset=&#8221;default&#8221;][et_pb_text _builder_version=&#8221;4.6.4&#8243; _module_preset=&#8221;default&#8221;][\/et_pb_text][\/et_pb_column][\/et_pb_row][et_pb_row _builder_version=&#8221;4.6.4&#8243; _module_preset=&#8221;default&#8221;][et_pb_column type=&#8221;4_4&#8243; _builder_version=&#8221;4.6.4&#8243; _module_preset=&#8221;default&#8221;][et_pb_text _builder_version=&#8221;4.6.4&#8243; _module_preset=&#8221;default&#8221;][\/et_pb_text][\/et_pb_column][\/et_pb_row][et_pb_row _builder_version=&#8221;4.6.4&#8243; _module_preset=&#8221;default&#8221;][et_pb_column type=&#8221;4_4&#8243; _builder_version=&#8221;4.6.4&#8243; _module_preset=&#8221;default&#8221;][et_pb_image src=&#8221;https:\/\/www.bionicfestival.com\/wp-content\/uploads\/BIONIC-FESTIVAL-TEAM-scaled.jpg&#8221; title_text=&#8221;BIONIC-FESTIVAL-TEAM&#8221; _builder_version=&#8221;4.6.4&#8243; _module_preset=&#8221;default&#8221;][\/et_pb_image][\/et_pb_column][\/et_pb_row][et_pb_row _builder_version=&#8221;4.6.4&#8243; _module_preset=&#8221;default&#8221;][et_pb_column type=&#8221;4_4&#8243; _builder_version=&#8221;4.6.4&#8243; _module_preset=&#8221;default&#8221;][et_pb_text _builder_version=&#8221;4.6.4&#8243; _module_preset=&#8221;default&#8221; header_3_text_color=&#8221;#7cda24&#8243; header_3_font_size=&#8221;50px&#8221;]<\/p>\n<h1 style=\"text-align: center;\">BIONIC TEAM<\/h1>\n<p>[\/et_pb_text][\/et_pb_column][\/et_pb_row][et_pb_row column_structure=&#8221;1_2,1_2&#8243; _builder_version=&#8221;4.6.4&#8243; _module_preset=&#8221;default&#8221;][et_pb_column type=&#8221;1_2&#8243; _builder_version=&#8221;4.6.4&#8243; _module_preset=&#8221;default&#8221;][et_pb_image src=&#8221;https:\/\/www.bionicfestival.com\/wp-content\/uploads\/honevo_artist_madrid-scaled.jpg&#8221; title_text=&#8221;honevo_artist_madrid&#8221; _builder_version=&#8221;4.6.4&#8243; _module_preset=&#8221;default&#8221;][\/et_pb_image][\/et_pb_column][et_pb_column type=&#8221;1_2&#8243; _builder_version=&#8221;4.6.4&#8243; _module_preset=&#8221;default&#8221;][et_pb_text _builder_version=&#8221;4.6.4&#8243; _module_preset=&#8221;default&#8221; hover_enabled=&#8221;0&#8243; sticky_enabled=&#8221;0&#8243;]<\/p>\n<p>The Bionic Festival Team, directed by artist <a href=\"https:\/\/honevo.com\">Honevo<\/a>, is a Team of multidisciplinary artists, that englobe visual arts, performing arts, industrial design, music, fashion design, poets and poetesses, playwrights, comedian, clowns, graphic designers, cultural managers, architects and landscape designers, actors and actresses, audiovisual artists and multi-talented creators, that help shape a new inter biological movement in the field of performing arts.<\/p>\n<p>The Bionic Festival Team has supported and assisted more than 250 international artists and more than 100 trees and many many plants, and hopes to support more and more creative artists, trees and plants to bring some joy, poetry and improve the air quality around us.<\/p>\n<p>We are a group of people concerned with public health, air quality and the biodiversity extinction, and we help in our small scale, proving that our artistic work, does not contribute to increased climate emissions. We are currently pioneers in the decarbonization of international cultural events, and we want to help in the green transition that we need to face, shaping it with incredible artists and new non anthropocentric shows.<\/p>\n<p>[\/et_pb_text][\/et_pb_column][\/et_pb_row][et_pb_row _builder_version=&#8221;4.6.4&#8243; _module_preset=&#8221;default&#8221;][et_pb_column type=&#8221;4_4&#8243; _builder_version=&#8221;4.6.4&#8243; _module_preset=&#8221;default&#8221;][et_pb_text _builder_version=&#8221;4.6.4&#8243; _module_preset=&#8221;default&#8221;]<\/p>\n<h1 style=\"text-align: center;\"><strong>ARTISTS &amp; PLANTS WORKING TOGETHER<\/strong><\/h1>\n<h1 style=\"text-align: center;\"><strong style=\"font-size: 16px;\">A NON ANTHROPOCENTRIC TEAM\u00a0<\/strong><\/h1>\n<p>[\/et_pb_text][\/et_pb_column][\/et_pb_row][et_pb_row _builder_version=&#8221;4.6.4&#8243; _module_preset=&#8221;default&#8221;][et_pb_column type=&#8221;4_4&#8243; _builder_version=&#8221;4.6.4&#8243; _module_preset=&#8221;default&#8221;][et_pb_text _builder_version=&#8221;4.6.4&#8243; _module_preset=&#8221;default&#8221;][\/et_pb_text][\/et_pb_column][\/et_pb_row][et_pb_row _builder_version=&#8221;4.6.4&#8243; _module_preset=&#8221;default&#8221;][et_pb_column type=&#8221;4_4&#8243; _builder_version=&#8221;4.6.4&#8243; _module_preset=&#8221;default&#8221;][et_pb_image src=&#8221;https:\/\/www.bionicfestival.com\/wp-content\/uploads\/bionic-festival-planting-trees-scaled.jpg&#8221; title_text=&#8221;bionic festival planting trees&#8221; _builder_version=&#8221;4.6.4&#8243; _module_preset=&#8221;default&#8221;][\/et_pb_image][\/et_pb_column][\/et_pb_row][et_pb_row _builder_version=&#8221;4.6.4&#8243; _module_preset=&#8221;default&#8221;][et_pb_column type=&#8221;4_4&#8243; _builder_version=&#8221;4.6.4&#8243; _module_preset=&#8221;default&#8221;][et_pb_image src=&#8221;https:\/\/www.bionicfestival.com\/wp-content\/uploads\/honevo-design-bionic-festival-teatros-del-canal-madrid-scaled.jpg&#8221; title_text=&#8221;honevo-design-bionic-festival-teatros-del-canal-madrid&#8221; _builder_version=&#8221;4.6.4&#8243; _module_preset=&#8221;default&#8221;][\/et_pb_image][\/et_pb_column][\/et_pb_row][et_pb_row column_structure=&#8221;1_4,1_4,1_4,1_4&#8243; make_equal=&#8221;on&#8221; _builder_version=&#8221;4.6.4&#8243; _module_preset=&#8221;default&#8221; overflow-y=&#8221;scroll&#8221; custom_margin=&#8221;||0px||false|false&#8221; sticky_position=&#8221;bottom&#8221; custom_css_main_element=&#8221;align-self: flex-end;&#8221; custom_css_main_element_last_edited=&#8221;on|phone&#8221; custom_css_main_element_phone=&#8221;margin-top: 85vh;&#8221;][et_pb_column type=&#8221;1_4&#8243; _builder_version=&#8221;4.6.4&#8243; _module_preset=&#8221;default&#8221; sticky_position=&#8221;bottom&#8221; custom_css_main_element=&#8221;align-self: flex-end;&#8221;][et_pb_text _builder_version=&#8221;4.6.4&#8243; _module_preset=&#8221;default&#8221; custom_margin=&#8221;||12px|||&#8221;]<\/p>\n<h3><span class=\"sector\">Director<\/span><\/h3>\n<p>[\/et_pb_text][et_pb_image src=&#8221;https:\/\/www.bionicfestival.com\/wp-content\/uploads\/2024\/02\/HONEVO_BIONIC_FESTIVAL.jpeg&#8221; title_text=&#8221;HONEVO_BIONIC_FESTIVAL&#8221; module_id=&#8221;overlay_unique_id_959&#8243; module_class=&#8221;popup2&#8243; _builder_version=&#8221;4.6.4&#8243; _module_preset=&#8221;default&#8221;][\/et_pb_image][\/et_pb_column][et_pb_column type=&#8221;1_4&#8243; admin_label=&#8221;Columna&#8221; _builder_version=&#8221;4.6.4&#8243; _module_preset=&#8221;default&#8221; custom_css_main_element=&#8221;align-self: flex-end;&#8221;][et_pb_text _builder_version=&#8221;4.6.4&#8243; _module_preset=&#8221;default&#8221; custom_margin=&#8221;||12px|||&#8221;]<\/p>\n<h3><span class=\"sector\">Comit\u00e9 Art\u00edstico<\/span><\/h3>\n<p>[\/et_pb_text][et_pb_image src=&#8221;http:\/\/bionicfestival.com\/wp-content\/uploads\/2020\/10\/lucila-1.jpg&#8221; title_text=&#8221;lucila&#8221; url=&#8221;#&#8221; module_id=&#8221;overlay_unique_id_956&#8243; module_class=&#8221;popup1&#8243; _builder_version=&#8221;4.6.4&#8243; _module_preset=&#8221;default&#8221;][\/et_pb_image][\/et_pb_column][et_pb_column type=&#8221;1_4&#8243; _builder_version=&#8221;4.6.4&#8243; _module_preset=&#8221;default&#8221; custom_css_main_element=&#8221;align-self: flex-end;&#8221;][et_pb_text _builder_version=&#8221;4.6.4&#8243; _module_preset=&#8221;default&#8221; custom_margin=&#8221;||12px|||&#8221;]<\/p>\n<h3><span class=\"sector\"> <\/span><\/h3>\n<p>[\/et_pb_text][et_pb_image src=&#8221;http:\/\/bionicfestival.com\/wp-content\/uploads\/2020\/10\/damian-1.jpg&#8221; title_text=&#8221;damian&#8221; url=&#8221;#&#8221; module_id=&#8221;overlay_unique_id_961&#8243; _builder_version=&#8221;4.6.4&#8243; _module_preset=&#8221;default&#8221;][\/et_pb_image][\/et_pb_column][et_pb_column type=&#8221;1_4&#8243; _builder_version=&#8221;4.6.4&#8243; _module_preset=&#8221;default&#8221; custom_css_main_element=&#8221;align-self: flex-end;&#8221;][et_pb_text _builder_version=&#8221;4.6.4&#8243; _module_preset=&#8221;default&#8221; custom_margin=&#8221;||12px|||&#8221;]<\/p>\n<h3><span class=\"sector\">   <\/span><\/h3>\n<p>[\/et_pb_text][et_pb_image src=&#8221;http:\/\/bionicfestival.com\/wp-content\/uploads\/2020\/10\/niky-1-1.jpg&#8221; title_text=&#8221;niky-1&#8243; url=&#8221;#&#8221; module_id=&#8221;overlay_unique_id_964&#8243; _builder_version=&#8221;4.6.4&#8243; _module_preset=&#8221;default&#8221;][\/et_pb_image][\/et_pb_column][\/et_pb_row][et_pb_row _builder_version=&#8221;4.6.4&#8243; _module_preset=&#8221;default&#8221;][et_pb_column type=&#8221;4_4&#8243; _builder_version=&#8221;4.6.4&#8243; _module_preset=&#8221;default&#8221;][\/et_pb_column][\/et_pb_row][et_pb_row _builder_version=&#8221;4.6.4&#8243; _module_preset=&#8221;default&#8221;][et_pb_column type=&#8221;4_4&#8243; _builder_version=&#8221;4.6.4&#8243; _module_preset=&#8221;default&#8221;][\/et_pb_column][\/et_pb_row][et_pb_row _builder_version=&#8221;4.6.4&#8243; _module_preset=&#8221;default&#8221; custom_margin=&#8221;||-30px||false|false&#8221;][et_pb_column type=&#8221;4_4&#8243; _builder_version=&#8221;4.6.4&#8243; _module_preset=&#8221;default&#8221;][et_pb_text _builder_version=&#8221;4.6.4&#8243; _module_preset=&#8221;default&#8221; custom_margin=&#8221;27px|||||&#8221;]<\/p>\n<h3 class=\"dspace\"><span class=\"sector\">Asistencia t\u00e9cnica y art\u00edstica<\/span><\/h3>\n<p>[\/et_pb_text][\/et_pb_column][\/et_pb_row][et_pb_row column_structure=&#8221;1_4,1_4,1_4,1_4&#8243; make_equal=&#8221;on&#8221; _builder_version=&#8221;4.6.4&#8243; _module_preset=&#8221;default&#8221;][et_pb_column type=&#8221;1_4&#8243; _builder_version=&#8221;4.6.4&#8243; _module_preset=&#8221;default&#8221; custom_css_main_element=&#8221;align-self: flex-end;&#8221;][et_pb_image src=&#8221;http:\/\/bionicfestival.com\/wp-content\/uploads\/2020\/10\/helena-1.jpg&#8221; title_text=&#8221;helena&#8221; url=&#8221;#&#8221; module_id=&#8221;overlay_unique_id_971&#8243; _builder_version=&#8221;4.6.4&#8243; _module_preset=&#8221;default&#8221;][\/et_pb_image][\/et_pb_column][et_pb_column type=&#8221;1_4&#8243; _builder_version=&#8221;4.6.4&#8243; _module_preset=&#8221;default&#8221; custom_css_main_element=&#8221;align-self: flex-end;&#8221;][et_pb_image src=&#8221;http:\/\/bionicfestival.com\/wp-content\/uploads\/2020\/10\/eva-1.jpg&#8221; title_text=&#8221;eva&#8221; url=&#8221;#&#8221; module_id=&#8221;overlay_unique_id_973&#8243; _builder_version=&#8221;4.6.4&#8243; _module_preset=&#8221;default&#8221;][\/et_pb_image][\/et_pb_column][et_pb_column type=&#8221;1_4&#8243; _builder_version=&#8221;4.6.4&#8243; _module_preset=&#8221;default&#8221; custom_css_main_element=&#8221;align-self: flex-end;&#8221;][et_pb_image src=&#8221;https:\/\/www.bionicfestival.com\/wp-content\/uploads\/2023\/05\/luisfer.jpg&#8221; title_text=&#8221;luisfer&#8221; url=&#8221;#&#8221; module_id=&#8221;overlay_unique_id_973&#8243; _builder_version=&#8221;4.6.4&#8243; _module_preset=&#8221;default&#8221;][\/et_pb_image][\/et_pb_column][et_pb_column type=&#8221;1_4&#8243; _builder_version=&#8221;4.6.4&#8243; _module_preset=&#8221;default&#8221; custom_css_main_element=&#8221;align-self: flex-end;&#8221;][et_pb_image src=&#8221;https:\/\/www.bionicfestival.com\/wp-content\/uploads\/carlotta-storelli-bionic-festival-scaled.jpg&#8221; title_text=&#8221;carlotta-storelli-bionic-festival&#8221; _builder_version=&#8221;4.6.4&#8243; _module_preset=&#8221;default&#8221;][\/et_pb_image][\/et_pb_column][\/et_pb_row][et_pb_row column_structure=&#8221;1_4,1_4,1_4,1_4&#8243; _builder_version=&#8221;4.6.4&#8243; _module_preset=&#8221;default&#8221;][et_pb_column type=&#8221;1_4&#8243; _builder_version=&#8221;4.6.4&#8243; _module_preset=&#8221;default&#8221;][et_pb_image src=&#8221;https:\/\/www.bionicfestival.com\/wp-content\/uploads\/andrea-serrano-casado.jpg&#8221; title_text=&#8221;andrea-serrano-casado&#8221; _builder_version=&#8221;4.6.4&#8243; _module_preset=&#8221;default&#8221;][\/et_pb_image][\/et_pb_column][et_pb_column type=&#8221;1_4&#8243; _builder_version=&#8221;4.6.4&#8243; _module_preset=&#8221;default&#8221;][et_pb_image src=&#8221;https:\/\/www.bionicfestival.com\/wp-content\/uploads\/2023\/05\/ij.jpg&#8221; title_text=&#8221;ij&#8221; _builder_version=&#8221;4.6.4&#8243; _module_preset=&#8221;default&#8221;][\/et_pb_image][\/et_pb_column][et_pb_column type=&#8221;1_4&#8243; _builder_version=&#8221;4.6.4&#8243; _module_preset=&#8221;default&#8221;][et_pb_image src=&#8221;https:\/\/www.bionicfestival.com\/wp-content\/uploads\/Unknown-101.jpeg&#8221; title_text=&#8221;Unknown-101&#8243; _builder_version=&#8221;4.6.4&#8243; _module_preset=&#8221;default&#8221;][\/et_pb_image][\/et_pb_column][et_pb_column type=&#8221;1_4&#8243; _builder_version=&#8221;4.6.4&#8243; _module_preset=&#8221;default&#8221;][et_pb_image src=&#8221;https:\/\/www.bionicfestival.com\/wp-content\/uploads\/2025\/04\/bionic-festival-isabel-nevado.jpg&#8221; title_text=&#8221;bionic-festival-isabel-nevado&#8221; _builder_version=&#8221;4.6.4&#8243; _module_preset=&#8221;default&#8221;][\/et_pb_image][\/et_pb_column][\/et_pb_row][et_pb_row column_structure=&#8221;1_4,1_4,1_4,1_4&#8243; _builder_version=&#8221;4.6.4&#8243; _module_preset=&#8221;default&#8221;][et_pb_column type=&#8221;1_4&#8243; _builder_version=&#8221;4.6.4&#8243; _module_preset=&#8221;default&#8221;][\/et_pb_column][et_pb_column type=&#8221;1_4&#8243; _builder_version=&#8221;4.6.4&#8243; _module_preset=&#8221;default&#8221;][et_pb_image src=&#8221;https:\/\/www.bionicfestival.com\/wp-content\/uploads\/laura-ortega-nieto-bionic-festival.jpg&#8221; title_text=&#8221;laura-ortega-nieto-bionic-festival&#8221; _builder_version=&#8221;4.6.4&#8243; _module_preset=&#8221;default&#8221; width=&#8221;99%&#8221; min_height=&#8221;225px&#8221; custom_margin=&#8221;||-1px|||&#8221; custom_padding=&#8221;||3px|1px||&#8221;][\/et_pb_image][\/et_pb_column][et_pb_column type=&#8221;1_4&#8243; _builder_version=&#8221;4.6.4&#8243; _module_preset=&#8221;default&#8221;][et_pb_image src=&#8221;https:\/\/www.bionicfestival.com\/wp-content\/uploads\/2025\/04\/bionic-festival-hernesto-chema.jpg&#8221; title_text=&#8221;bionic-festival-hernesto-chema&#8221; _builder_version=&#8221;4.6.4&#8243; _module_preset=&#8221;default&#8221;][\/et_pb_image][\/et_pb_column][et_pb_column type=&#8221;1_4&#8243; _builder_version=&#8221;4.6.4&#8243; _module_preset=&#8221;default&#8221;][\/et_pb_column][\/et_pb_row][et_pb_row _builder_version=&#8221;4.6.4&#8243; _module_preset=&#8221;default&#8221;][et_pb_column type=&#8221;4_4&#8243; _builder_version=&#8221;4.6.4&#8243; _module_preset=&#8221;default&#8221;][et_pb_text _builder_version=&#8221;4.6.4&#8243; _module_preset=&#8221;default&#8221;]<\/p>\n<h1 style=\"text-align: center;\">BIONIC TEAM<\/h1>\n<p>[\/et_pb_text][\/et_pb_column][\/et_pb_row][et_pb_row _builder_version=&#8221;4.6.4&#8243; _module_preset=&#8221;default&#8221;][et_pb_column type=&#8221;4_4&#8243; _builder_version=&#8221;4.6.4&#8243; _module_preset=&#8221;default&#8221;][et_pb_image src=&#8221;https:\/\/www.bionicfestival.com\/wp-content\/uploads\/madrid_design_festival_2025_danza_bionica.jpeg&#8221; title_text=&#8221;madrid_design_festival_2025_danza_bionica&#8221; _builder_version=&#8221;4.6.4&#8243; _module_preset=&#8221;default&#8221;][\/et_pb_image][\/et_pb_column][\/et_pb_row][et_pb_row _builder_version=&#8221;4.6.4&#8243; _module_preset=&#8221;default&#8221;][et_pb_column type=&#8221;4_4&#8243; _builder_version=&#8221;4.6.4&#8243; _module_preset=&#8221;default&#8221;][et_pb_text _builder_version=&#8221;4.6.4&#8243; _module_preset=&#8221;default&#8221;][\/et_pb_text][\/et_pb_column][\/et_pb_row][\/et_pb_section][et_pb_section fb_built=&#8221;1&#8243; module_class=&#8221;popup-overlay1&#8243; _builder_version=&#8221;4.6.4&#8243; _module_preset=&#8221;default&#8221; background_color=&#8221;rgba(0,0,0,0.8)&#8221;][et_pb_row _builder_version=&#8221;4.6.4&#8243; _module_preset=&#8221;default&#8221; background_color=&#8221;#ffffff&#8221;][et_pb_column type=&#8221;4_4&#8243; module_class=&#8221;popup-content1&#8243; admin_label=&#8221;Columna&#8221; _builder_version=&#8221;4.6.4&#8243; _module_preset=&#8221;default&#8221;][et_pb_image src=&#8221;http:\/\/localhost\/bio\/wp-content\/uploads\/2020\/10\/lucila.jpg&#8221; title_text=&#8221;lucila&#8221; align=&#8221;center&#8221; _builder_version=&#8221;4.6.4&#8243; _module_preset=&#8221;default&#8221;][\/et_pb_image][et_pb_text _builder_version=&#8221;4.6.4&#8243; _module_preset=&#8221;default&#8221; custom_margin=&#8221;5rem||5rem||true|false&#8221; custom_padding=&#8221;|96px||96px||&#8221;]<\/p>\n<h2 class=\"dancers\">Lucila toledo<\/h2>\n<p>Lucila Toledo es una gestora cultural con m\u00e1s de 10 a\u00f1os de experiencia, ha organizado la I Feria Salida de Emergencia y ha sido directora de Madphoto Gallery. En la Actualidad dirige el Bionic Festival, un proyecto transversal que investiga la relaci\u00f3n de movimiento entre personas y \u00e1rboles, ahondado en los estudios que han demostrado los efectos positivos de los \u00e1rboles sobre la salud en los seres humanos.<\/p>\n<p>[\/et_pb_text][\/et_pb_column][\/et_pb_row][\/et_pb_section][et_pb_section fb_built=&#8221;1&#8243; module_class=&#8221;popup-overlay2&#8243; _builder_version=&#8221;4.6.4&#8243; _module_preset=&#8221;default&#8221; background_color=&#8221;rgba(0,0,0,0.8)&#8221;][et_pb_row _builder_version=&#8221;4.6.4&#8243; _module_preset=&#8221;default&#8221; background_color=&#8221;#ffffff&#8221;][et_pb_column type=&#8221;4_4&#8243; module_class=&#8221;popup-content2&#8243; admin_label=&#8221;Columna&#8221; _builder_version=&#8221;4.6.4&#8243; _module_preset=&#8221;default&#8221;][et_pb_image src=&#8221;http:\/\/localhost\/bio\/wp-content\/uploads\/2020\/10\/honevo.jpg&#8221; title_text=&#8221;honevo&#8221; align=&#8221;center&#8221; _builder_version=&#8221;4.6.4&#8243; _module_preset=&#8221;default&#8221;][\/et_pb_image][et_pb_image src=&#8221;https:\/\/www.bionicfestival.com\/wp-content\/uploads\/honevo-design-bionic-festival-teatros-del-canal-madrid-scaled.jpg&#8221; title_text=&#8221;honevo-design-bionic-festival-teatros-del-canal-madrid&#8221; _builder_version=&#8221;4.6.4&#8243; _module_preset=&#8221;default&#8221;][\/et_pb_image][et_pb_image src=&#8221;https:\/\/www.bionicfestival.com\/wp-content\/uploads\/madrid_design_festival_2025_danza_bionica.jpeg&#8221; title_text=&#8221;madrid_design_festival_2025_danza_bionica&#8221; _builder_version=&#8221;4.6.4&#8243; _module_preset=&#8221;default&#8221;][\/et_pb_image][et_pb_text _builder_version=&#8221;4.6.4&#8243; _module_preset=&#8221;default&#8221; custom_margin=&#8221;5rem||5rem||true|false&#8221; custom_padding=&#8221;|96px||96px||&#8221;]<\/p>\n<h2 class=\"dancers\">H\u00f6nevo<\/h2>\n<p>Honevo es un Artista que investiga la relaci\u00f3n de la danza, pintura y fotograf\u00eda con el mundo bot\u00e1nico, siendo creador de los cuadros bi\u00f3nicos y bio-magn\u00e9ticos, ha realizado exposiciones en China, Dinamarca, EEUU, Canada, Rep\u00fablica Checa y Espa\u00f1a. Recientemente ha participado en el VII Festival de Videoarte de Barcelona. Honevo finaliz\u00f3 sus estudios de Bellas Artes en la UCM de Madrid en 2015 Ha sido coordinador de los Talleres Internacionales en el IED Madrid durante el curso 2014-2015, y en la actualidad es consultor de 61 empresas en <a href=\"http:\/\/creadores.org\/\">CUMBRE<\/a>.<\/p>\n<p><a href=\"http:\/\/www.honevo.com\/index.html\">www.honevo.com<\/a><\/p>\n<p>[\/et_pb_text][et_pb_text _builder_version=&#8221;4.6.4&#8243; _module_preset=&#8221;default&#8221; custom_margin=&#8221;||12px|||&#8221;]<\/p>\n<h3>Directores<\/h3>\n<p>[\/et_pb_text][et_pb_text _builder_version=&#8221;4.6.4&#8243; _module_preset=&#8221;default&#8221; custom_margin=&#8221;||12px|||&#8221;]<\/p>\n<h3>Directores<\/h3>\n<p>[\/et_pb_text][\/et_pb_column][\/et_pb_row][\/et_pb_section]<\/p>","protected":false},"excerpt":{"rendered":"<p>[et_pb_section fb_built=&#8221;1&#8243; _builder_version=&#8221;4.6.4&#8243; _module_preset=&#8221;default&#8221;][et_pb_row make_equal=&#8221;on&#8221; _builder_version=&#8221;4.6.4&#8243; _module_preset=&#8221;default&#8221; background_image=&#8221;http:\/\/bionicfestival.com\/wp-content\/uploads\/2020\/10\/bgmedia.jpg&#8221; background_position=&#8221;bottom_right&#8221; width=&#8221;100%&#8221; max_width=&#8221;100%&#8221; min_height=&#8221;186px&#8221; height=&#8221;186px&#8221; max_height=&#8221;186px&#8221; custom_margin=&#8221;0px||0px||true|false&#8221; custom_padding=&#8221;0px||0px||true|false&#8221; custom_css_main_element=&#8221;margin: auto auto 0;&#8221; global_module=&#8221;483&#8243; saved_tabs=&#8221;all&#8221;][et_pb_column type=&#8221;4_4&#8243; _builder_version=&#8221;4.6.4&#8243; _module_preset=&#8221;default&#8221; background_image=&#8221;http:\/\/bionicfestival.com\/wp-content\/uploads\/2020\/10\/bgteam-1.jpg&#8221; background_enable_image=&#8221;on&#8221;][et_pb_post_title meta=&#8221;off&#8221; featured_image=&#8221;off&#8221; text_color=&#8221;light&#8221; _builder_version=&#8221;4.6.4&#8243; _module_preset=&#8221;40f5f3b2-30cd-4dc1-97bd-308bac9aa57b&#8221; title_font=&#8221;|||on|||||&#8221; title_font_size=&#8221;64px&#8221; background_color=&#8221;rgba(0,0,0,0)&#8221; custom_margin=&#8221;5rem|||50px|false|false&#8221;][\/et_pb_post_title][\/et_pb_column][\/et_pb_row][et_pb_row _builder_version=&#8221;4.6.4&#8243; _module_preset=&#8221;default&#8221;][et_pb_column type=&#8221;4_4&#8243; _builder_version=&#8221;4.6.4&#8243; _module_preset=&#8221;default&#8221;][et_pb_text _builder_version=&#8221;4.6.4&#8243; _module_preset=&#8221;default&#8221;][\/et_pb_text][\/et_pb_column][\/et_pb_row][et_pb_row _builder_version=&#8221;4.6.4&#8243; _module_preset=&#8221;default&#8221;][et_pb_column type=&#8221;4_4&#8243; _builder_version=&#8221;4.6.4&#8243; _module_preset=&#8221;default&#8221;][et_pb_text _builder_version=&#8221;4.6.4&#8243; _module_preset=&#8221;default&#8221;][\/et_pb_text][\/et_pb_column][\/et_pb_row][et_pb_row _builder_version=&#8221;4.6.4&#8243; _module_preset=&#8221;default&#8221;][et_pb_column type=&#8221;4_4&#8243; _builder_version=&#8221;4.6.4&#8243; _module_preset=&#8221;default&#8221;][et_pb_image [&hellip;]<\/p>","protected":false},"author":3,"featured_media":0,"parent":0,"menu_order":0,"comment_status":"closed","ping_status":"closed","template":"","meta":{"_et_pb_use_builder":"on","_et_pb_old_content":"<!-- wp:divi\/placeholder \/-->","_et_gb_content_width":"","footnotes":""},"class_list":["post-367","page","type-page","status-publish","hentry"],"_links":{"self":[{"href":"https:\/\/www.bionicfestival.com\/es\/wp-json\/wp\/v2\/pages\/367","targetHints":{"allow":["GET"]}}],"collection":[{"href":"https:\/\/www.bionicfestival.com\/es\/wp-json\/wp\/v2\/pages"}],"about":[{"href":"https:\/\/www.bionicfestival.com\/es\/wp-json\/wp\/v2\/types\/page"}],"author":[{"embeddable":true,"href":"https:\/\/www.bionicfestival.com\/es\/wp-json\/wp\/v2\/users\/3"}],"replies":[{"embeddable":true,"href":"https:\/\/www.bionicfestival.com\/es\/wp-json\/wp\/v2\/comments?post=367"}],"version-history":[{"count":28,"href":"https:\/\/www.bionicfestival.com\/es\/wp-json\/wp\/v2\/pages\/367\/revisions"}],"predecessor-version":[{"id":1957,"href":"https:\/\/www.bionicfestival.com\/es\/wp-json\/wp\/v2\/pages\/367\/revisions\/1957"}],"wp:attachment":[{"href":"https:\/\/www.bionicfestival.com\/es\/wp-json\/wp\/v2\/media?parent=367"}],"curies":[{"name":"wp","href":"https:\/\/api.w.org\/{rel}","templated":true}]}}