{"id":370,"date":"2020-10-16T05:54:05","date_gmt":"2020-10-16T05:54:05","guid":{"rendered":"http:\/\/localhost\/bio\/?page_id=370"},"modified":"2024-11-29T16:52:07","modified_gmt":"2024-11-29T16:52:07","slug":"learn-more","status":"publish","type":"page","link":"https:\/\/www.bionicfestival.com\/es\/learn-more\/","title":{"rendered":"Mas Info"},"content":{"rendered":"<p>[et_pb_section fb_built=&#8221;1&#8243; _builder_version=&#8221;4.6.4&#8243; _module_preset=&#8221;default&#8221;][et_pb_row _builder_version=&#8221;4.6.4&#8243; _module_preset=&#8221;default&#8221; background_color=&#8221;#000000&#8243; width=&#8221;100%&#8221; max_width=&#8221;100%&#8221; module_alignment=&#8221;center&#8221;][et_pb_column type=&#8221;4_4&#8243; _builder_version=&#8221;4.6.4&#8243; _module_preset=&#8221;default&#8221;][et_pb_video src=&#8221;https:\/\/youtu.be\/1l6ioP3J_VE&#8221; _builder_version=&#8221;4.6.4&#8243; _module_preset=&#8221;default&#8221; width=&#8221;100%&#8221; max_width=&#8221;100%&#8221; module_alignment=&#8221;center&#8221;][\/et_pb_video][\/et_pb_column][\/et_pb_row][et_pb_row column_structure=&#8221;1_2,1_2&#8243; make_equal=&#8221;on&#8221; _builder_version=&#8221;4.6.4&#8243; _module_preset=&#8221;default&#8221;][et_pb_column type=&#8221;1_2&#8243; _builder_version=&#8221;4.6.4&#8243; _module_preset=&#8221;default&#8221;][et_pb_text _builder_version=&#8221;4.6.4&#8243; _module_preset=&#8221;default&#8221; custom_margin=&#8221;0px||0px||false|false&#8221; custom_padding=&#8221;0px||0px||false|false&#8221;]<\/p>\n<p>&nbsp;<\/p>\n<ul>\n<li>\n<h4><a href=\"http:\/\/www.blindedbyscience.co.uk\/\">Cegado por la ciencia<\/a><\/h4>\n<\/li>\n<li>\n<h4><a href=\"https:\/\/www.brainpickings.org\/2016\/09\/26\/the-hidden-life-of-trees-peter-wohlleben\/\">The Hidden Life of Trees &#8211; Peter Wohlleben<\/a><\/h4>\n<\/li>\n<li>\n<h4><a href=\"http:\/\/elpais.com\/elpais\/2015\/11\/27\/ciencia\/1448610399_557367.html\">Plantas Electr\u00f3nicas Generadoras de Energ\u00eda<\/a><\/h4>\n<\/li>\n<li>\n<h4><a href=\"http:\/\/www.upsocl.com\/verde\/la-ciencia-prueba-que-abrazar-arboles-es-bueno-para-tu-salud\/\">La Ciencia Prueba Que Abrazar Arboles Es Bueno Para Tu Salud<\/a><\/h4>\n<\/li>\n<li>\n<h4><a href=\"http:\/\/www.trueactivist.com\/science-proves-hugging-trees-is-good-for-health\/\">La ciencia demuestra que abrazar \u00e1rboles es bueno para la salud<\/a><\/h4>\n<\/li>\n<li>\n<h4><a href=\"http:\/\/www.theguardian.com\/commentisfree\/2016\/apr\/24\/trees-make-our-lives-better-in-unquantifiable-ways?CMP=Share_iOSApp_Other\">Los \u00e1rboles mejoran nuestra vida de formas inconmensurables<\/a><\/h4>\n<\/li>\n<li>\n<h4><a href=\"http:\/\/www.tunuevainformacion.com\/salud-integral\/335-las-14-especies-de-arboles-que-al-abrazarlos-sanan-diversas-partes-del-cuerpo.html\">Las 14 Especies De Arboles Que Al Abrazarlos Sanan Diversas Partes Del Cuerpo<\/a><\/h4>\n<\/li>\n<li>\n<h4><a href=\"http:\/\/inhabitat.com\/new-book-explains-how-hugging-trees-could-actually-improve-your-health\/\">Nuevo libro explica c\u00f3mo abrazar \u00e1rboles podr\u00eda realmente mejorar su salud<\/a><\/h4>\n<\/li>\n<\/ul>\n<p>[\/et_pb_text][\/et_pb_column][et_pb_column type=&#8221;1_2&#8243; _builder_version=&#8221;4.6.4&#8243; _module_preset=&#8221;default&#8221;][et_pb_image src=&#8221;http:\/\/bionicfestival.com\/wp-content\/uploads\/2020\/10\/02.jpg&#8221; title_text=&#8221;02&#8243; _builder_version=&#8221;4.6.4&#8243; _module_preset=&#8221;default&#8221;][\/et_pb_image][\/et_pb_column][\/et_pb_row][et_pb_row _builder_version=&#8221;4.6.4&#8243; _module_preset=&#8221;default&#8221;][et_pb_column _builder_version=&#8221;4.6.4&#8243; _module_preset=&#8221;default&#8221; type=&#8221;4_4&#8243;][et_pb_video src=&#8221;https:\/\/www.youtube.com\/watch?v=F7jy2r_b2QU&#8221; _builder_version=&#8221;4.6.4&#8243; _module_preset=&#8221;default&#8221; hover_enabled=&#8221;0&#8243; sticky_enabled=&#8221;0&#8243;][\/et_pb_video][\/et_pb_column][\/et_pb_row][et_pb_row column_structure=&#8221;1_3,1_3,1_3&#8243; _builder_version=&#8221;4.6.4&#8243; _module_preset=&#8221;default&#8221;][et_pb_column type=&#8221;1_3&#8243; _builder_version=&#8221;4.6.4&#8243; _module_preset=&#8221;default&#8221;][et_pb_image src=&#8221;http:\/\/bionicfestival.com\/wp-content\/uploads\/2020\/10\/03.jpg&#8221; title_text=&#8221;03&#8243; _builder_version=&#8221;4.6.4&#8243; _module_preset=&#8221;default&#8221;][\/et_pb_image][\/et_pb_column][et_pb_column type=&#8221;1_3&#8243; _builder_version=&#8221;4.6.4&#8243; _module_preset=&#8221;default&#8221;][et_pb_image src=&#8221;http:\/\/bionicfestival.com\/wp-content\/uploads\/2020\/10\/04.jpg&#8221; title_text=&#8221;04&#8243; _builder_version=&#8221;4.6.4&#8243; _module_preset=&#8221;default&#8221;][\/et_pb_image][\/et_pb_column][et_pb_column type=&#8221;1_3&#8243; _builder_version=&#8221;4.6.4&#8243; _module_preset=&#8221;default&#8221;][et_pb_image src=&#8221;http:\/\/bionicfestival.com\/wp-content\/uploads\/2020\/10\/05.jpg&#8221; title_text=&#8221;05&#8243; _builder_version=&#8221;4.6.4&#8243; _module_preset=&#8221;default&#8221;][\/et_pb_image][\/et_pb_column][\/et_pb_row][et_pb_row column_structure=&#8221;1_2,1_2&#8243; make_equal=&#8221;on&#8221; _builder_version=&#8221;4.6.4&#8243; _module_preset=&#8221;default&#8221;][et_pb_column type=&#8221;1_2&#8243; _builder_version=&#8221;4.6.4&#8243; _module_preset=&#8221;default&#8221;][et_pb_image src=&#8221;http:\/\/bionicfestival.com\/wp-content\/uploads\/2020\/10\/06.jpg&#8221; title_text=&#8221;06&#8243; _builder_version=&#8221;4.6.4&#8243; _module_preset=&#8221;default&#8221;][\/et_pb_image][\/et_pb_column][et_pb_column type=&#8221;1_2&#8243; _builder_version=&#8221;4.6.4&#8243; _module_preset=&#8221;default&#8221;][et_pb_text _builder_version=&#8221;4.6.4&#8243; _module_preset=&#8221;default&#8221; custom_margin=&#8221;0px||0px||false|false&#8221; custom_padding=&#8221;0px||0px||false|false&#8221;]<\/p>\n<h4><\/h4>\n<p>&nbsp;<\/p>\n<ul>\n<li>\n<h4><a href=\"http:\/\/elpais.com\/elpais\/2016\/05\/24\/ciencia\/1464084789_791430.html\">As\u00ed Funciona la Memoria de las Plantas<\/a><\/h4>\n<\/li>\n<li>\n<h4><a href=\"https:\/\/www.treepeople.org\/espanol\/beneficios-de-arboles\">Benefios de \u00c1rboles<\/a><\/h4>\n<\/li>\n<li>\n<h4><a href=\"https:\/\/www.washingtonpost.com\/news\/energy-environment\/wp\/2015\/07\/09\/scientists-have-discovered-that-living-near-trees-is-good-for-your-health\/?utm_term=.6c15685555bd\">Los cient\u00edficos han descubierto que vivir cerca de los \u00e1rboles es bueno para la salud<\/a><\/h4>\n<\/li>\n<li>\n<h4><a href=\"http:\/\/www.iflscience.com\/health-and-medicine\/there-are-health-benefits-living-near-trees-study-suggests\/\">Vivir cerca de \u00e1rboles sugiere beneficios para la salud<\/a><\/h4>\n<\/li>\n<li>\n<h4><a href=\"https:\/\/www.good.is\/articles\/scientific-proof-that-trees-make-us-happier\">Prueba cient\u00edfica de que los \u00e1rboles nos hacen m\u00e1s felices<\/a><\/h4>\n<\/li>\n<li>\n<h4><a href=\"http:\/\/theconversation.com\/hug-a-tree-the-evidence-shows-it-really-will-make-you-feel-better-21924\">Abraza un \u00e1rbol, la evidencia muestra que realmente mejorar\u00e1 tu vida<\/a><\/h4>\n<\/li>\n<li>\n<h4><a href=\"http:\/\/www.naturalnews.com\/032782_tree_huggers_health.html\">Salud de Tree Huggers<\/a><\/h4>\n<\/li>\n<\/ul>\n<p>[\/et_pb_text][\/et_pb_column][\/et_pb_row][et_pb_row column_structure=&#8221;1_3,1_3,1_3&#8243; _builder_version=&#8221;4.6.4&#8243; _module_preset=&#8221;default&#8221;][et_pb_column type=&#8221;1_3&#8243; _builder_version=&#8221;4.6.4&#8243; _module_preset=&#8221;default&#8221;][et_pb_image src=&#8221;http:\/\/bionicfestival.com\/wp-content\/uploads\/2020\/10\/l01.jpeg&#8221; title_text=&#8221;l01&#8243; _builder_version=&#8221;4.6.4&#8243; _module_preset=&#8221;default&#8221;][\/et_pb_image][\/et_pb_column][et_pb_column type=&#8221;1_3&#8243; _builder_version=&#8221;4.6.4&#8243; _module_preset=&#8221;default&#8221;][et_pb_image src=&#8221;http:\/\/bionicfestival.com\/wp-content\/uploads\/2020\/10\/l03.jpeg&#8221; title_text=&#8221;l03&#8243; _builder_version=&#8221;4.6.4&#8243; _module_preset=&#8221;default&#8221;][\/et_pb_image][\/et_pb_column][et_pb_column type=&#8221;1_3&#8243; _builder_version=&#8221;4.6.4&#8243; _module_preset=&#8221;default&#8221;][et_pb_image src=&#8221;http:\/\/bionicfestival.com\/wp-content\/uploads\/2020\/10\/l02.jpeg&#8221; title_text=&#8221;l02&#8243; _builder_version=&#8221;4.6.4&#8243; _module_preset=&#8221;default&#8221;][\/et_pb_image][\/et_pb_column][\/et_pb_row][et_pb_row column_structure=&#8221;1_2,1_2&#8243; _builder_version=&#8221;4.6.4&#8243; _module_preset=&#8221;default&#8221;][et_pb_column type=&#8221;1_2&#8243; _builder_version=&#8221;4.6.4&#8243; _module_preset=&#8221;default&#8221;][et_pb_video src=&#8221;https:\/\/www.youtube.com\/watch?v=LEmvRPT6yxM&#8221; _builder_version=&#8221;4.6.4&#8243; _module_preset=&#8221;default&#8221;][\/et_pb_video][\/et_pb_column][et_pb_column type=&#8221;1_2&#8243; _builder_version=&#8221;4.6.4&#8243; _module_preset=&#8221;default&#8221;][et_pb_video src=&#8221;https:\/\/www.youtube.com\/watch?v=SQXiIAQ8GW8&#8243; _builder_version=&#8221;4.6.4&#8243; _module_preset=&#8221;default&#8221;][\/et_pb_video][\/et_pb_column][\/et_pb_row][et_pb_row _builder_version=&#8221;4.6.4&#8243; _module_preset=&#8221;default&#8221;][et_pb_column _builder_version=&#8221;4.6.4&#8243; _module_preset=&#8221;default&#8221; type=&#8221;4_4&#8243;][et_pb_video src=&#8221;https:\/\/www.youtube.com\/watch?v=3qn_QTfq-do&#8221; _builder_version=&#8221;4.6.4&#8243; _module_preset=&#8221;default&#8221; hover_enabled=&#8221;0&#8243; sticky_enabled=&#8221;0&#8243;][\/et_pb_video][\/et_pb_column][\/et_pb_row][\/et_pb_section]<\/p>","protected":false},"excerpt":{"rendered":"<p>[et_pb_section fb_built=&#8221;1&#8243; _builder_version=&#8221;4.6.4&#8243; _module_preset=&#8221;default&#8221;][et_pb_row _builder_version=&#8221;4.6.4&#8243; _module_preset=&#8221;default&#8221; background_color=&#8221;#000000&#8243; width=&#8221;100%&#8221; max_width=&#8221;100%&#8221; module_alignment=&#8221;center&#8221;][et_pb_column type=&#8221;4_4&#8243; _builder_version=&#8221;4.6.4&#8243; _module_preset=&#8221;default&#8221;][et_pb_video src=&#8221;https:\/\/youtu.be\/1l6ioP3J_VE&#8221; _builder_version=&#8221;4.6.4&#8243; _module_preset=&#8221;default&#8221; width=&#8221;100%&#8221; max_width=&#8221;100%&#8221; module_alignment=&#8221;center&#8221;][\/et_pb_video][\/et_pb_column][\/et_pb_row][et_pb_row column_structure=&#8221;1_2,1_2&#8243; make_equal=&#8221;on&#8221; _builder_version=&#8221;4.6.4&#8243; _module_preset=&#8221;default&#8221;][et_pb_column type=&#8221;1_2&#8243; _builder_version=&#8221;4.6.4&#8243; _module_preset=&#8221;default&#8221;][et_pb_text _builder_version=&#8221;4.6.4&#8243; _module_preset=&#8221;default&#8221; custom_margin=&#8221;0px||0px||false|false&#8221; custom_padding=&#8221;0px||0px||false|false&#8221;] &nbsp; Blinded By Science The Hidden Life of Trees &#8211; Peter Wohlleben Plantas Electr\u00f3nicas Generadoras de Energ\u00eda La Ciencia Prueba Que Abrazar Arboles Es Bueno [&hellip;]<\/p>","protected":false},"author":3,"featured_media":0,"parent":0,"menu_order":0,"comment_status":"closed","ping_status":"closed","template":"","meta":{"_et_pb_use_builder":"on","_et_pb_old_content":"<!-- wp:divi\/placeholder \/-->","_et_gb_content_width":"","footnotes":""},"class_list":["post-370","page","type-page","status-publish","hentry"],"_links":{"self":[{"href":"https:\/\/www.bionicfestival.com\/es\/wp-json\/wp\/v2\/pages\/370","targetHints":{"allow":["GET"]}}],"collection":[{"href":"https:\/\/www.bionicfestival.com\/es\/wp-json\/wp\/v2\/pages"}],"about":[{"href":"https:\/\/www.bionicfestival.com\/es\/wp-json\/wp\/v2\/types\/page"}],"author":[{"embeddable":true,"href":"https:\/\/www.bionicfestival.com\/es\/wp-json\/wp\/v2\/users\/3"}],"replies":[{"embeddable":true,"href":"https:\/\/www.bionicfestival.com\/es\/wp-json\/wp\/v2\/comments?post=370"}],"version-history":[{"count":6,"href":"https:\/\/www.bionicfestival.com\/es\/wp-json\/wp\/v2\/pages\/370\/revisions"}],"predecessor-version":[{"id":1740,"href":"https:\/\/www.bionicfestival.com\/es\/wp-json\/wp\/v2\/pages\/370\/revisions\/1740"}],"wp:attachment":[{"href":"https:\/\/www.bionicfestival.com\/es\/wp-json\/wp\/v2\/media?parent=370"}],"curies":[{"name":"wp","href":"https:\/\/api.w.org\/{rel}","templated":true}]}}